{"id":19787,"date":"2025-07-28T13:09:25","date_gmt":"2025-07-28T11:09:25","guid":{"rendered":"https:\/\/www.systemcore.it\/?page_id=19787"},"modified":"2026-05-11T11:30:20","modified_gmt":"2026-05-11T09:30:20","slug":"informativa-modulo-contatti","status":"publish","type":"page","link":"https:\/\/www.systemcore.it\/it\/informativa-modulo-contatti","title":{"rendered":"Informativa modulo contatti"},"content":{"rendered":"\t\t<div data-elementor-type=\"wp-post\" data-elementor-id=\"19787\" class=\"elementor elementor-19787\" data-elementor-post-type=\"page\">\n\t\t\t\t\t\t<section class=\"elementor-section elementor-inner-section elementor-element elementor-element-1773a3f elementor-section-boxed elementor-section-height-default elementor-section-height-default\" data-id=\"1773a3f\" data-element_type=\"section\" data-e-type=\"section\" data-settings=\"{&quot;background_background&quot;:&quot;classic&quot;}\">\n\t\t\t\t\t\t<div class=\"elementor-container elementor-column-gap-no\">\n\t\t\t\t\t<div class=\"elementor-column elementor-col-100 elementor-inner-column elementor-element elementor-element-7b63322\" data-id=\"7b63322\" data-element_type=\"column\" data-e-type=\"column\">\n\t\t\t<div class=\"elementor-widget-wrap elementor-element-populated\">\n\t\t\t\t\t\t<div class=\"elementor-element elementor-element-731f761 elementor-widget elementor-widget-text-editor\" data-id=\"731f761\" data-element_type=\"widget\" data-e-type=\"widget\" data-widget_type=\"text-editor.default\">\n\t\t\t\t<div class=\"elementor-widget-container\">\n\t\t\t\t\t\t\t\t\t<p align=\"left\"><span style=\"font-family: Montserrat, serif;\"><span style=\"font-size: small;\"><b>Mod. ICONT \u2013 Data Agg. 04\/2026<\/b><\/span><\/span><\/p>\t\t\t\t\t\t\t\t<\/div>\n\t\t\t\t<\/div>\n\t\t\t\t<div class=\"elementor-element elementor-element-da860aa elementor-widget elementor-widget-heading\" data-id=\"da860aa\" data-element_type=\"widget\" data-e-type=\"widget\" data-widget_type=\"heading.default\">\n\t\t\t\t<div class=\"elementor-widget-container\">\n\t\t\t\t\t<h2 class=\"elementor-heading-title elementor-size-default\">Informativa per il trattamento dei dati personali<\/h2>\t\t\t\t<\/div>\n\t\t\t\t<\/div>\n\t\t\t\t<div class=\"elementor-element elementor-element-8bbadd4 elementor-widget elementor-widget-text-editor\" data-id=\"8bbadd4\" data-element_type=\"widget\" data-e-type=\"widget\" data-widget_type=\"text-editor.default\">\n\t\t\t\t<div class=\"elementor-widget-container\">\n\t\t\t\t\t\t\t\t\t<p align=\"center\"><strong><span style=\"font-family: Montserrat, serif;\"><span style=\"font-size: small;\">Ai sensi dell\u2019Art. n. 13 del REGOLAMENTO EUROPEO N. 679\/2016<\/span><\/span><\/strong><\/p>\t\t\t\t\t\t\t\t<\/div>\n\t\t\t\t<\/div>\n\t\t\t\t<div class=\"elementor-element elementor-element-7fa525c elementor-widget elementor-widget-text-editor\" data-id=\"7fa525c\" data-element_type=\"widget\" data-e-type=\"widget\" data-widget_type=\"text-editor.default\">\n\t\t\t\t<div class=\"elementor-widget-container\">\n\t\t\t\t\t\t\t\t\t<section data-id=\"7b0ce349\" data-settings=\"{\" data-element_type=\"section\"><div data-id=\"188e5ee0\" data-element_type=\"column\"><div data-id=\"77df2d97\" data-element_type=\"text-editor.default\"><p><em>Gentile Interessato,<\/em><\/p><p>SYSTEMCORE SRL in qualit\u00e0 di Titolare del trattamento dei dati ai sensi dell\u2019art. n. 13 del Regolamento Europeo n. 679\/2016 \u201cGeneral Data Protection Regulation (GDPR)\u201d (d\u2019ora innanzi Regolamento UE), recante disposizioni in materia di trattamento dei dati personali, intende informala in merito al trattamento dei Suoi dati personali.<\/p><p>La norma prevede che chiunque effettui trattamenti di dati personali \u00e8 tenuto ad informare il soggetto interessato in relazione ai dati trattati e agli elementi qualificanti il trattamento, che deve in ogni caso avvenire in maniera lecita, corretta e trasparente, nonch\u00e9 tutelare la riservatezza e garantire i diritti del soggetto interessato.<\/p><p>Si precisa che per trattamento dei dati s\u2019intende qualsiasi operazione o complesso di operazioni concernenti la raccolta, registrazione, organizzazione, conservazione, consultazione, elaborazione, modifica, selezione, estrazione, raffronto, utilizzo, interconnessione, blocco, comunicazione, diffusione, distruzione dei dati stessi.<\/p><p><strong>1.Titolare del trattamento dei dati<\/strong><\/p><p>Il Titolare del trattamento dei dati \u00e8 SYSTEMCORE SRL, con sede in Viale Industria, 5 \u2013 20010 Boffalora Sopra Ticino (MI) C.F. e P.I.V.A. 11346820159, contattabile ai seguenti recapiti: telefono +39 02 9754558, e-mail: info@systemcore.it<\/p><ol start=\"2\"><li><strong> Natura dei dati Trattati, Finalit\u00e0 e Base giuridica del trattamento<\/strong><\/li><\/ol><p><u>Natura dei dati trattati.<\/u> In relazione alle finalit\u00e0 del trattamento sotto riportate si informa che saranno trattati unicamente \u201cdati personali comuni\u201d quali, ad esempio:<\/p><ul><li>dati identificativi azienda (nome, cognome, mail etc.);<\/li><\/ul><p><u>Finalit\u00e0 del trattamento.<\/u> I suoi dati personali saranno trattati per le seguenti finalit\u00e0:<\/p><ol><li>dare riscontro alle sue richieste: mediante compilazione, volontaria, dell\u2019apposito form che trova in questa area contatti;<\/li><li>adempiere ad obblighi di legge;<\/li><\/ol><p><u>Base giuridica del trattamento.<\/u> I dati personali, per le finalit\u00e0 di cui al punto 2A e 2B saranno trattati lecitamente per adempiere ad obblighi precontrattuali e contrattuali tra noi e l\u2019utente (art.6, par.1 lett. b), per adempiere ai nostri obblighi legali (art.6 par.1 lett. c).<\/p><p>Il consenso da Lei prestato potr\u00e0 essere revocato in qualsiasi momento, senza pregiudicare la liceit\u00e0 del trattamento basato sul consenso prestato prima della revoca (art.7 parag.3 Regolamento UE)<\/p><ol start=\"3\"><li><strong>Destinatari dei dati e Modalit\u00e0 di trattamento Esistenza di un processo decisionale automatizzato, compresa la profilazione<\/strong><\/li><\/ol><p>Il trattamento dei Suoi dati personali sar\u00e0 improntato ai principi di correttezza, liceit\u00e0 e trasparenza e potr\u00e0 essere effettuato mediante strumenti cartacei ed elettronici sia dal personale dell\u2019Azienda scrivente, autorizzato\/incaricato al trattamento dei dati personali, sia da soggetti esterni chiamati a svolgere specifici incarichi, per conto del Titolare del trattamento, in qualit\u00e0 di Responsabili del trattamento, ai sensi dell\u2019art. 28 Regolamento UE, previa nostra lettera di incarico che imponga loro il dovere di riservatezza e sicurezza del trattamento dei dati personali, e l\u2019adozione di misure di sicurezza idonee per prevenire la perdita dei dati, usi illeciti e non corretti, ed accessi non autorizzati, nel rispetto delle vigenti disposizioni in materia di tutela dei dati personali.<\/p><p>Per brevit\u00e0 la lista dettagliata di tali figure \u00e8 disponibile presso la sede del Titolare del trattamento ed \u00e8 a Sua disposizione.<\/p><p>I suoi dati personali non saranno diffusi e non saranno trasferiti verso paesi terzi o organizzazioni internazionali, non saranno comunicati a terzi tranne che per obblighi di legge o di contratto<\/p><p>In riferimento a quanto previsto dall\u2019Art. 13 del Regolamento UE al par. 2 lett. f) e all\u2019Art. 14 del Regolamento UE al par. 2 lett. g) si rende noto che il Titolare del trattamento allo stato attuale non ha in uso nessuno sistema o processo decisionale automatizzato.<\/p><ol start=\"4\"><li><strong> Tempi di conservazione dei dati<\/strong><\/li><\/ol><p>I suoi dati personali saranno conservati per un arco di tempo non superiore al conseguimento delle finalit\u00e0 per i quale sono trattati, nel rispetto del principio di limitazione della conservazione previsto dal Regolamento UE e\/o per il tempo necessario per obblighi di legge e di contratto o fino a che non intervenga la revoca del consenso specifico da parte dell\u2019interessato e, quindi<\/p><ul><li>con riferimento alle finalit\u00e0 indicate nei punti 2A-2B, i dati verranno conservati per il tempo non superiore al conseguimento delle finalit\u00e0 per i quale sono trattati e\/o per il tempo strettamente necessario per l\u2019espletamento degli obblighi di legge e di contratto;<\/li><\/ul><p>A garanzia dei tempi di conservazione dichiarati \u00e8 previsto che sia effettuata una verifica periodica a cadenza annuale sui dati trattati e sulla possibilit\u00e0 di poterli cancellare se non pi\u00f9 necessari per le finalit\u00e0 previste.<\/p><ol start=\"5\"><li><strong> Accesso ai dati (categorie di destinatari a cui i dati possono essere comunicati)<\/strong><\/li><\/ol><p>Informiamo inoltre che i dati raccolti non saranno mai diffusi e non saranno oggetto di comunicazione senza Suo esplicito consenso, salvo le comunicazioni necessarie che possono comportare il trasferimento di dati ad enti pubblici, a consulenti o ad altri soggetti per l\u2019adempimento degli obblighi fiscali e di legge ovvero per l\u2019adempimento delle finalit\u00e0 (ove autorizzate), previa nostra lettera di incarico che imponga loro il dovere di riservatezza e sicurezza del trattamento dei dati personali.<\/p><p>Con riferimento all\u2019art. 13, par. 1, lett. e) del Regolamento UE, si procede alla indicazione dei soggetti o delle categorie di soggetti (debitamente individuati ed istruiti) che possono venire a conoscenza dei dati personali dell\u2019utente in qualit\u00e0 di responsabili o incaricati e si fornisce di seguito apposito elenco per categorie:<\/p><ul><li>Soci, dipendenti, collaboratori e fornitori del Titolare del trattamento in Italia e all\u2019estero, nella loro qualit\u00e0 di incaricati\/autorizzati e\/o responsabili del trattamento (es. uffici: commerciale, tecnico, amministrativo, legale, stampa; amministratori di sistema, professionisti esterni, fornitori di servizi vari, ecc.)<\/li><li>Aziende partner e\/o direttamente collegate con la scrivente, essendo le attivit\u00e0 di queste essenziali al completamento\/esecuzione di quanto da lei richiesto.<\/li><\/ul><p>I Suoi dati personali potranno altres\u00ec essere comunicati ai soggetti esterni destinatari delle pratiche che La riguardano, nel compimento delle attivit\u00e0 e ai soggetti esterni che interagiscono con la scrivente, sempre ed esclusivamente per attivit\u00e0 funzionali alle finalit\u00e0 sopra descritte, soggetti esterni chiamati a svolgere specifici incarichi, per conto del Titolare del trattamento, in qualit\u00e0 di Responsabili del trattamento, ai sensi dell\u2019art. 28 del Regolamento UE.<\/p><p>Per brevit\u00e0 la lista dettagliata di tali figure \u00e8 disponibile presso la nostra sede ed \u00e8 a Vostra disposizione.<\/p><ol start=\"6\"><li><strong> e 7. Comunicazione e trasferimento dei dati<\/strong><\/li><\/ol><p>Senza la necessit\u00e0 di un espresso consenso (art. 6 par. 1, lett. b), c) e f) del Regolamento UE), il Titolare del trattamento potr\u00e0 comunicare i Suoi dati per le finalit\u00e0 di cui ai punti da 2A a 2B a organismi di vigilanza, autorit\u00e0 giudiziarie, nonch\u00e9 a quei soggetti ai quali la comunicazione sia obbligatoria per Legge per l\u2019espletamento delle finalit\u00e0 sopra indicate.<\/p><p>Detti soggetti tratteranno i dati nella loro qualit\u00e0 di autonomi titolari del trattamento.<\/p><p>I dati personali sono conservati su dispositivi ubicati preso la sede del Titolare del trattamento o presso provider, all\u2019interno dell\u2019Unione Europea.<\/p><p>I Suoi dati non saranno diffusi.<\/p><p>Per garantire la sicurezza di tali trasferimenti, ci avvaliamo solamente di soggetti che offrono le necessarie garanzie per mettere in atto misure tecniche e organizzative adeguate affinch\u00e9 il trattamento effettuato rispetti quanto previsto dal Reg. UE 679\/2016.<\/p><p>Sia per quanto riguarda i dati presenti sui propri dispositivi, sia per eventuali dati presenti presso provider, il Titolare del trattamento ha messo in atto misure tecniche ed organizzative adeguate a garantire un idoneo livello di sicurezza, nel pieno rispetto di quanto indicato nel Regolamento UE.<\/p><ol start=\"8\"><li><strong> Conseguenze della mancata comunicazione dei dati<\/strong><\/li><\/ol><p>I dati personali di cui ai punti 2A-2B della presente informativa sono necessari, senza tali dati ci sarebbe impossibile procedere e adempiere agli obblighi contrattuali e di legge.<\/p><ol start=\"9\"><li><strong> Diritti dell\u2019interessato<\/strong><\/li><\/ol><p>Nella Sua qualit\u00e0 di interessato, ha i diritti di cui agli articoli da n. 15 a n. 22 del Regolamento UE di seguito riportati e precisamente ha il diritto ad:<\/p><ul><li>ottenere la conferma dell\u2019esistenza e del trattamento di dati personali che lo riguardano e in tal caso, ottenere l\u2019accesso ai suoi dati (cd. diritto di accesso);<\/li><li>ottenere le indicazioni circa le finalit\u00e0 del trattamento, le categorie dei dati in questione, i destinatari o le categorie di destinatari cui i dati sono stati o saranno comunicati, in particolare se destinatari di paesi terzi o organizzazioni internazionali, il periodo di conservazione dei dati previsto o i criteri utilizzati per determinare tale periodo; e qualora i dati non siano raccolti presso l\u2019interessato, ottenere tutte le informazioni disponibili sulla loro origine;<\/li><li>ottenere la rettifica dei dati che lo riguardano (cd. diritto di rettifica)<\/li><li>ottenere la cancellazione dei dati che lo riguardano (cd. diritto all\u2019oblio);<\/li><li>ottenere le limitazioni del trattamento (cd. diritto di limitazione di trattamento);<\/li><li>ottenere la portabilit\u00e0 dei dati, ossia riceverli da un titolare del trattamento in un formato strutturato, di uso comune e leggibile da dispositivo automatico e trasmetterli ad altro titolare del trattamento senza impedimenti (cd. diritto alla portabilit\u00e0 dei dati);<\/li><li>opporsi al trattamento in qualsiasi momento (cd. diritto di opposizione). Si informa specificatamente, come richiesto dall\u2019art. 21 del Regolamento UE, che qualora i dati personali siano trattati per finalit\u00e0 di marketing diretto (compresa la profilazione), l&#8217;interessato ha il diritto di opporsi in qualsiasi momento al trattamento dei dati personali che lo riguardano effettuato per tali finalit\u00e0 e che qualora l&#8217;interessato si opponga al trattamento per finalit\u00e0 di marketing diretto, i dati personali non potranno pi\u00f9 essere oggetto di trattamento per tali finalit\u00e0;<\/li><li>essere messo a conoscenza (con la possibilit\u00e0 di opporsi) dell\u2019esistenza di un processo decisionale automatizzato relativo alle persone fisiche, compresa la profilazione;<\/li><li>revocare il consenso in qualsiasi momento senza pregiudicare la liceit\u00e0 del trattamento basata sul consenso prestato prima della revoca;<\/li><li>proporre reclamo a un\u2019autorit\u00e0 di controllo (Garante per la Protezione dei Dati Personali).<\/li><\/ul><p>Si precisa che potrebbero esserci condizioni o limitazioni ai diritti dell\u2019interessato. Non \u00e8 quindi certo che, ad esempio, si abbia il diritto di portabilit\u00e0 dei dati in tutti i casi, ci\u00f2 dipende dalle circostanze specifiche dell&#8217;attivit\u00e0 di elaborazione.<\/p><p>Altro esempio: nel caso Lei decida di opporsi al trattamento dei dati, il Titolare del trattamento ha diritto di valutare la Sua istanza, che potrebbe non essere accettata in caso di esistenza di motivi legittimi cogenti per procedere al trattamento che prevalgano sui Suoi interessi, diritti e libert\u00e0.<\/p><ol start=\"10\"><li><strong> Modalit\u00e0 di esercizio dei diritti<\/strong><\/li><\/ol><p>Senza formalit\u00e0 alcuna Lei potr\u00e0 in qualsiasi momento esercitare i Suoi diritti in modo chiaro ed esplicito inviando:<\/p><p>&#8211; una raccomandata A.R. alla scrivente;<\/p><p>&#8211; una e-mail all\u2019indirizzo info@systemcore.it<\/p><p>Oppure contattando direttamente il Titolare del trattamento al numero: +39 02 9754558.<\/p><ol start=\"11\"><li><strong> Minori<\/strong><\/li><\/ol><p>Quanto offerto dal Titolare del trattamento ed oggetto del rapporto con Lei in essere non prevede l\u2019acquisizione intenzionale di informazioni personali riferite ai minori. Nel caso in cui informazioni su minori fossero involontariamente registrate, il Titolare del trattamento le canceller\u00e0 in modo tempestivo, su richiesta o segnalazione dell\u2019interessato.<\/p><ol start=\"12\"><li><strong> Incaricati\/Autorizzati \u2013 Responsabili del trattamento<\/strong><\/li><\/ol><p>Di seguito le forniamo alcune informazioni che \u00e8 necessario portare alla sua conoscenza, non solo per ottemperare agli obblighi di legge, ma anche perch\u00e9 la trasparenza e la correttezza nei confronti degli Interessati \u00e8 parte fondante della nostra attivit\u00e0.<\/p><p><strong><em><u>Incaricati\/Autorizzati.<\/u><\/em><\/strong> L\u2019elenco aggiornato degli incaricati\/Autorizzati al trattamento \u00e8 custodito presso la sede del Titolare del trattamento.<\/p><p><strong><em><u>Responsabili del trattamento.<\/u><\/em><\/strong><\/p><p>Per brevit\u00e0 la lista dettagliata di tali figure \u00e8 disponibile presso la nostra sede.<\/p><\/div><\/div><\/section>\t\t\t\t\t\t\t\t<\/div>\n\t\t\t\t<\/div>\n\t\t\t\t\t<\/div>\n\t\t<\/div>\n\t\t\t\t\t<\/div>\n\t\t<\/section>\n\t\t\t\t<\/div>\n\t\t","protected":false},"excerpt":{"rendered":"<p>Mod. ICONT \u2013 Data Agg. 04\/2026 Informativa per il trattamento dei dati personali Ai sensi dell\u2019Art. n. 13 del REGOLAMENTO EUROPEO N. 679\/2016 Gentile Interessato, SYSTEMCORE SRL in qualit\u00e0 di Titolare del trattamento dei dati ai sensi dell\u2019art. n. 13 del Regolamento Europeo n. 679\/2016 \u201cGeneral Data Protection Regulation (GDPR)\u201d (d\u2019ora innanzi Regolamento UE), recante [&hellip;]<\/p>\n","protected":false},"author":2,"featured_media":0,"parent":0,"menu_order":0,"comment_status":"closed","ping_status":"closed","template":"","meta":{"footnotes":""},"class_list":["post-19787","page","type-page","status-publish","hentry"],"yoast_head":"<!-- This site is optimized with the Yoast SEO plugin v27.6 - https:\/\/yoast.com\/product\/yoast-seo-wordpress\/ -->\n<title>Informativa modulo contatti - Systemcore srl<\/title>\n<meta name=\"robots\" content=\"index, follow, max-snippet:-1, max-image-preview:large, max-video-preview:-1\" \/>\n<link rel=\"canonical\" href=\"http:\/\/www.systemcore.it\/it\/informativa-modulo-contatti\" \/>\n<meta property=\"og:locale\" content=\"it_IT\" \/>\n<meta property=\"og:type\" content=\"article\" \/>\n<meta property=\"og:title\" content=\"Informativa modulo contatti - Systemcore srl\" \/>\n<meta property=\"og:description\" content=\"Mod. ICONT \u2013 Data Agg. 04\/2026 Informativa per il trattamento dei dati personali Ai sensi dell\u2019Art. n. 13 del REGOLAMENTO EUROPEO N. 679\/2016 Gentile Interessato, SYSTEMCORE SRL in qualit\u00e0 di Titolare del trattamento dei dati ai sensi dell\u2019art. n. 13 del Regolamento Europeo n. 679\/2016 \u201cGeneral Data Protection Regulation (GDPR)\u201d (d\u2019ora innanzi Regolamento UE), recante [&hellip;]\" \/>\n<meta property=\"og:url\" content=\"http:\/\/www.systemcore.it\/it\/informativa-modulo-contatti\" \/>\n<meta property=\"og:site_name\" content=\"Systemcore srl\" \/>\n<meta property=\"article:modified_time\" content=\"2026-05-11T09:30:20+00:00\" \/>\n<meta name=\"twitter:card\" content=\"summary_large_image\" \/>\n<meta name=\"twitter:label1\" content=\"Tempo di lettura stimato\" \/>\n\t<meta name=\"twitter:data1\" content=\"8 minuti\" \/>\n<script type=\"application\/ld+json\" class=\"yoast-schema-graph\">{\"@context\":\"https:\\\/\\\/schema.org\",\"@graph\":[{\"@type\":\"WebPage\",\"@id\":\"http:\\\/\\\/www.systemcore.it\\\/it\\\/informativa-modulo-contatti\",\"url\":\"http:\\\/\\\/www.systemcore.it\\\/it\\\/informativa-modulo-contatti\",\"name\":\"Informativa modulo contatti - Systemcore srl\",\"isPartOf\":{\"@id\":\"https:\\\/\\\/www.systemcore.it\\\/it\\\/#website\"},\"datePublished\":\"2025-07-28T11:09:25+00:00\",\"dateModified\":\"2026-05-11T09:30:20+00:00\",\"breadcrumb\":{\"@id\":\"http:\\\/\\\/www.systemcore.it\\\/it\\\/informativa-modulo-contatti#breadcrumb\"},\"inLanguage\":\"it-IT\",\"potentialAction\":[{\"@type\":\"ReadAction\",\"target\":[\"http:\\\/\\\/www.systemcore.it\\\/it\\\/informativa-modulo-contatti\"]}]},{\"@type\":\"BreadcrumbList\",\"@id\":\"http:\\\/\\\/www.systemcore.it\\\/it\\\/informativa-modulo-contatti#breadcrumb\",\"itemListElement\":[{\"@type\":\"ListItem\",\"position\":1,\"name\":\"Home\",\"item\":\"https:\\\/\\\/www.systemcore.it\\\/\"},{\"@type\":\"ListItem\",\"position\":2,\"name\":\"Informativa modulo contatti\"}]},{\"@type\":\"WebSite\",\"@id\":\"https:\\\/\\\/www.systemcore.it\\\/it\\\/#website\",\"url\":\"https:\\\/\\\/www.systemcore.it\\\/it\\\/\",\"name\":\"Systemcore srl\",\"description\":\"nuclei magnetici per trasformatori elettrici\",\"potentialAction\":[{\"@type\":\"SearchAction\",\"target\":{\"@type\":\"EntryPoint\",\"urlTemplate\":\"https:\\\/\\\/www.systemcore.it\\\/it\\\/?s={search_term_string}\"},\"query-input\":{\"@type\":\"PropertyValueSpecification\",\"valueRequired\":true,\"valueName\":\"search_term_string\"}}],\"inLanguage\":\"it-IT\"}]}<\/script>\n<!-- \/ Yoast SEO plugin. -->","yoast_head_json":{"title":"Informativa modulo contatti - Systemcore srl","robots":{"index":"index","follow":"follow","max-snippet":"max-snippet:-1","max-image-preview":"max-image-preview:large","max-video-preview":"max-video-preview:-1"},"canonical":"http:\/\/www.systemcore.it\/it\/informativa-modulo-contatti","og_locale":"it_IT","og_type":"article","og_title":"Informativa modulo contatti - Systemcore srl","og_description":"Mod. ICONT \u2013 Data Agg. 04\/2026 Informativa per il trattamento dei dati personali Ai sensi dell\u2019Art. n. 13 del REGOLAMENTO EUROPEO N. 679\/2016 Gentile Interessato, SYSTEMCORE SRL in qualit\u00e0 di Titolare del trattamento dei dati ai sensi dell\u2019art. n. 13 del Regolamento Europeo n. 679\/2016 \u201cGeneral Data Protection Regulation (GDPR)\u201d (d\u2019ora innanzi Regolamento UE), recante [&hellip;]","og_url":"http:\/\/www.systemcore.it\/it\/informativa-modulo-contatti","og_site_name":"Systemcore srl","article_modified_time":"2026-05-11T09:30:20+00:00","twitter_card":"summary_large_image","twitter_misc":{"Tempo di lettura stimato":"8 minuti"},"schema":{"@context":"https:\/\/schema.org","@graph":[{"@type":"WebPage","@id":"http:\/\/www.systemcore.it\/it\/informativa-modulo-contatti","url":"http:\/\/www.systemcore.it\/it\/informativa-modulo-contatti","name":"Informativa modulo contatti - Systemcore srl","isPartOf":{"@id":"https:\/\/www.systemcore.it\/it\/#website"},"datePublished":"2025-07-28T11:09:25+00:00","dateModified":"2026-05-11T09:30:20+00:00","breadcrumb":{"@id":"http:\/\/www.systemcore.it\/it\/informativa-modulo-contatti#breadcrumb"},"inLanguage":"it-IT","potentialAction":[{"@type":"ReadAction","target":["http:\/\/www.systemcore.it\/it\/informativa-modulo-contatti"]}]},{"@type":"BreadcrumbList","@id":"http:\/\/www.systemcore.it\/it\/informativa-modulo-contatti#breadcrumb","itemListElement":[{"@type":"ListItem","position":1,"name":"Home","item":"https:\/\/www.systemcore.it\/"},{"@type":"ListItem","position":2,"name":"Informativa modulo contatti"}]},{"@type":"WebSite","@id":"https:\/\/www.systemcore.it\/it\/#website","url":"https:\/\/www.systemcore.it\/it\/","name":"Systemcore srl","description":"nuclei magnetici per trasformatori elettrici","potentialAction":[{"@type":"SearchAction","target":{"@type":"EntryPoint","urlTemplate":"https:\/\/www.systemcore.it\/it\/?s={search_term_string}"},"query-input":{"@type":"PropertyValueSpecification","valueRequired":true,"valueName":"search_term_string"}}],"inLanguage":"it-IT"}]}},"_links":{"self":[{"href":"https:\/\/www.systemcore.it\/it\/wp-json\/wp\/v2\/pages\/19787","targetHints":{"allow":["GET"]}}],"collection":[{"href":"https:\/\/www.systemcore.it\/it\/wp-json\/wp\/v2\/pages"}],"about":[{"href":"https:\/\/www.systemcore.it\/it\/wp-json\/wp\/v2\/types\/page"}],"author":[{"embeddable":true,"href":"https:\/\/www.systemcore.it\/it\/wp-json\/wp\/v2\/users\/2"}],"replies":[{"embeddable":true,"href":"https:\/\/www.systemcore.it\/it\/wp-json\/wp\/v2\/comments?post=19787"}],"version-history":[{"count":0,"href":"https:\/\/www.systemcore.it\/it\/wp-json\/wp\/v2\/pages\/19787\/revisions"}],"wp:attachment":[{"href":"https:\/\/www.systemcore.it\/it\/wp-json\/wp\/v2\/media?parent=19787"}],"curies":[{"name":"wp","href":"https:\/\/api.w.org\/{rel}","templated":true}]}}