{"id":20105,"date":"2026-04-17T11:45:05","date_gmt":"2026-04-17T09:45:05","guid":{"rendered":"https:\/\/www.systemcore.it\/?page_id=20105"},"modified":"2026-05-08T11:25:19","modified_gmt":"2026-05-08T09:25:19","slug":"settori-e-applicazioni","status":"publish","type":"page","link":"https:\/\/www.systemcore.it\/en\/settori-e-applicazioni","title":{"rendered":"Settori e applicazioni"},"content":{"rendered":"\t\t<div data-elementor-type=\"wp-page\" data-elementor-id=\"20105\" class=\"elementor elementor-20105\" data-elementor-post-type=\"page\">\n\t\t\t\t<div class=\"elementor-element elementor-element-fcf8dd8 e-con-full e-flex e-con e-parent\" data-id=\"fcf8dd8\" data-element_type=\"container\" data-e-type=\"container\" data-settings=\"{&quot;background_background&quot;:&quot;classic&quot;,&quot;background_motion_fx_motion_fx_scrolling&quot;:&quot;yes&quot;,&quot;background_motion_fx_translateY_effect&quot;:&quot;yes&quot;,&quot;background_motion_fx_translateY_speed&quot;:{&quot;unit&quot;:&quot;px&quot;,&quot;size&quot;:4,&quot;sizes&quot;:[]},&quot;background_motion_fx_translateY_affectedRange&quot;:{&quot;unit&quot;:&quot;%&quot;,&quot;size&quot;:&quot;&quot;,&quot;sizes&quot;:{&quot;start&quot;:0,&quot;end&quot;:100}},&quot;background_motion_fx_devices&quot;:[&quot;desktop&quot;,&quot;tablet&quot;,&quot;mobile&quot;]}\">\n\t\t<div class=\"elementor-element elementor-element-9e166c1 e-con-full e-flex e-con e-child\" data-id=\"9e166c1\" data-element_type=\"container\" data-e-type=\"container\">\n\t\t\t\t<div class=\"elementor-element elementor-element-d32f3b0 elementor-widget elementor-widget-heading\" data-id=\"d32f3b0\" data-element_type=\"widget\" data-e-type=\"widget\" data-settings=\"{&quot;_animation_mobile&quot;:&quot;none&quot;}\" data-widget_type=\"heading.default\">\n\t\t\t\t<div class=\"elementor-widget-container\">\n\t\t\t\t\t<h1 class=\"elementor-heading-title elementor-size-default\">Energy attracts energy\n<\/h1>\t\t\t\t<\/div>\n\t\t\t\t<\/div>\n\t\t\t\t<\/div>\n\t\t<div class=\"elementor-element elementor-element-947aa67 e-con-full e-flex e-con e-child\" data-id=\"947aa67\" data-element_type=\"container\" data-e-type=\"container\">\n\t\t\t\t<\/div>\n\t\t\t\t<\/div>\n\t\t<div class=\"elementor-element elementor-element-4c6fd09 e-flex e-con-boxed e-con e-parent\" data-id=\"4c6fd09\" data-element_type=\"container\" data-e-type=\"container\" data-settings=\"{&quot;background_background&quot;:&quot;classic&quot;}\">\n\t\t\t\t\t<div class=\"e-con-inner\">\n\t\t<div class=\"elementor-element elementor-element-fa3d5b0 e-con-full e-flex e-con e-child\" data-id=\"fa3d5b0\" data-element_type=\"container\" data-e-type=\"container\">\n\t\t\t\t<div class=\"elementor-element elementor-element-f3eda64 elementor-widget__width-initial elementor-widget elementor-widget-heading\" data-id=\"f3eda64\" data-element_type=\"widget\" data-e-type=\"widget\" data-widget_type=\"heading.default\">\n\t\t\t\t<div class=\"elementor-widget-container\">\n\t\t\t\t\t<h2 class=\"elementor-heading-title elementor-size-default\">I prodotti Systemcore vengono utlizzati nella produzione di trasfomatori di energia elettrica, soprattutto in questi settori:<\/h2>\t\t\t\t<\/div>\n\t\t\t\t<\/div>\n\t\t<div class=\"elementor-element elementor-element-aef855e e-con-full e-flex e-con e-child\" data-id=\"aef855e\" data-element_type=\"container\" data-e-type=\"container\" data-settings=\"{&quot;background_background&quot;:&quot;classic&quot;}\">\n\t\t\t\t<div class=\"elementor-element elementor-element-f511df1 elementor-widget elementor-widget-image\" data-id=\"f511df1\" data-element_type=\"widget\" data-e-type=\"widget\" data-widget_type=\"image.default\">\n\t\t\t\t<div class=\"elementor-widget-container\">\n\t\t\t\t\t\t\t\t\t\t\t\t\t\t\t<img fetchpriority=\"high\" decoding=\"async\" width=\"800\" height=\"593\" src=\"https:\/\/www.systemcore.it\/wp-content\/uploads\/2018\/09\/produzione-energia-eco.jpg\" class=\"attachment-large size-large wp-image-300\" alt=\"\" srcset=\"https:\/\/www.systemcore.it\/wp-content\/uploads\/2018\/09\/produzione-energia-eco.jpg 900w, https:\/\/www.systemcore.it\/wp-content\/uploads\/2018\/09\/produzione-energia-eco-300x222.jpg 300w, https:\/\/www.systemcore.it\/wp-content\/uploads\/2018\/09\/produzione-energia-eco-768x569.jpg 768w\" sizes=\"(max-width: 800px) 100vw, 800px\" \/>\t\t\t\t\t\t\t\t\t\t\t\t\t\t\t<\/div>\n\t\t\t\t<\/div>\n\t\t\t\t<div class=\"elementor-element elementor-element-ee68063 elementor-widget elementor-widget-text-editor\" data-id=\"ee68063\" data-element_type=\"widget\" data-e-type=\"widget\" data-widget_type=\"text-editor.default\">\n\t\t\t\t<div class=\"elementor-widget-container\">\n\t\t\t\t\t\t\t\t\t<p><strong>Produzione di elettricit\u00e0, anche da fonti rinnovabili<\/strong><\/p>\t\t\t\t\t\t\t\t<\/div>\n\t\t\t\t<\/div>\n\t\t\t\t<\/div>\n\t\t<div class=\"elementor-element elementor-element-bee4fe0 e-con-full e-flex e-con e-child\" data-id=\"bee4fe0\" data-element_type=\"container\" data-e-type=\"container\" data-settings=\"{&quot;background_background&quot;:&quot;classic&quot;}\">\n\t\t\t\t<div class=\"elementor-element elementor-element-db38ab5 elementor-widget elementor-widget-image\" data-id=\"db38ab5\" data-element_type=\"widget\" data-e-type=\"widget\" data-widget_type=\"image.default\">\n\t\t\t\t<div class=\"elementor-widget-container\">\n\t\t\t\t\t\t\t\t\t\t\t\t\t\t\t<img decoding=\"async\" width=\"800\" height=\"593\" src=\"https:\/\/www.systemcore.it\/wp-content\/uploads\/2018\/09\/produzione-eenrgia-elettrica-1024x759.jpg\" class=\"attachment-large size-large wp-image-301\" alt=\"\" srcset=\"https:\/\/www.systemcore.it\/wp-content\/uploads\/2018\/09\/produzione-eenrgia-elettrica-1024x759.jpg 1024w, https:\/\/www.systemcore.it\/wp-content\/uploads\/2018\/09\/produzione-eenrgia-elettrica-300x222.jpg 300w, https:\/\/www.systemcore.it\/wp-content\/uploads\/2018\/09\/produzione-eenrgia-elettrica-768x569.jpg 768w, https:\/\/www.systemcore.it\/wp-content\/uploads\/2018\/09\/produzione-eenrgia-elettrica.jpg 1980w\" sizes=\"(max-width: 800px) 100vw, 800px\" \/>\t\t\t\t\t\t\t\t\t\t\t\t\t\t\t<\/div>\n\t\t\t\t<\/div>\n\t\t\t\t<div class=\"elementor-element elementor-element-220aeb4 elementor-widget elementor-widget-text-editor\" data-id=\"220aeb4\" data-element_type=\"widget\" data-e-type=\"widget\" data-widget_type=\"text-editor.default\">\n\t\t\t\t<div class=\"elementor-widget-container\">\n\t\t\t\t\t\t\t\t\t<p>Distribuzione di energia elettrica su vari tipologie di linee<\/p>\t\t\t\t\t\t\t\t<\/div>\n\t\t\t\t<\/div>\n\t\t\t\t<\/div>\n\t\t<div class=\"elementor-element elementor-element-890a906 e-con-full e-flex e-con e-child\" data-id=\"890a906\" data-element_type=\"container\" data-e-type=\"container\" data-settings=\"{&quot;background_background&quot;:&quot;classic&quot;}\">\n\t\t\t\t<div class=\"elementor-element elementor-element-00e0e6b elementor-widget elementor-widget-image\" data-id=\"00e0e6b\" data-element_type=\"widget\" data-e-type=\"widget\" data-widget_type=\"image.default\">\n\t\t\t\t<div class=\"elementor-widget-container\">\n\t\t\t\t\t\t\t\t\t\t\t\t\t\t\t<img decoding=\"async\" width=\"800\" height=\"592\" src=\"https:\/\/www.systemcore.it\/wp-content\/uploads\/2018\/09\/produzione-per-ferrovie-1024x758.jpg\" class=\"attachment-large size-large wp-image-297\" alt=\"\" srcset=\"https:\/\/www.systemcore.it\/wp-content\/uploads\/2018\/09\/produzione-per-ferrovie-1024x758.jpg 1024w, https:\/\/www.systemcore.it\/wp-content\/uploads\/2018\/09\/produzione-per-ferrovie-300x222.jpg 300w, https:\/\/www.systemcore.it\/wp-content\/uploads\/2018\/09\/produzione-per-ferrovie-768x569.jpg 768w\" sizes=\"(max-width: 800px) 100vw, 800px\" \/>\t\t\t\t\t\t\t\t\t\t\t\t\t\t\t<\/div>\n\t\t\t\t<\/div>\n\t\t\t\t<div class=\"elementor-element elementor-element-3c8be97 elementor-widget elementor-widget-text-editor\" data-id=\"3c8be97\" data-element_type=\"widget\" data-e-type=\"widget\" data-widget_type=\"text-editor.default\">\n\t\t\t\t<div class=\"elementor-widget-container\">\n\t\t\t\t\t\t\t\t\t<p>Per la trazione nel settore ferroviario<\/p>\t\t\t\t\t\t\t\t<\/div>\n\t\t\t\t<\/div>\n\t\t\t\t<\/div>\n\t\t<div class=\"elementor-element elementor-element-6a2d456 e-con-full e-flex e-con e-child\" data-id=\"6a2d456\" data-element_type=\"container\" data-e-type=\"container\" data-settings=\"{&quot;background_background&quot;:&quot;classic&quot;}\">\n\t\t\t\t<div class=\"elementor-element elementor-element-5f7280d elementor-widget elementor-widget-image\" data-id=\"5f7280d\" data-element_type=\"widget\" data-e-type=\"widget\" data-widget_type=\"image.default\">\n\t\t\t\t<div class=\"elementor-widget-container\">\n\t\t\t\t\t\t\t\t\t\t\t\t\t\t\t<img loading=\"lazy\" decoding=\"async\" width=\"800\" height=\"593\" src=\"https:\/\/www.systemcore.it\/wp-content\/uploads\/2018\/09\/produzione-per-impianti-industriali-1024x759.jpg\" class=\"attachment-large size-large wp-image-299\" alt=\"\" srcset=\"https:\/\/www.systemcore.it\/wp-content\/uploads\/2018\/09\/produzione-per-impianti-industriali-1024x759.jpg 1024w, https:\/\/www.systemcore.it\/wp-content\/uploads\/2018\/09\/produzione-per-impianti-industriali-300x222.jpg 300w, https:\/\/www.systemcore.it\/wp-content\/uploads\/2018\/09\/produzione-per-impianti-industriali-768x569.jpg 768w, https:\/\/www.systemcore.it\/wp-content\/uploads\/2018\/09\/produzione-per-impianti-industriali.jpg 1080w\" sizes=\"(max-width: 800px) 100vw, 800px\" \/>\t\t\t\t\t\t\t\t\t\t\t\t\t\t\t<\/div>\n\t\t\t\t<\/div>\n\t\t\t\t<div class=\"elementor-element elementor-element-851d11c elementor-widget elementor-widget-text-editor\" data-id=\"851d11c\" data-element_type=\"widget\" data-e-type=\"widget\" data-widget_type=\"text-editor.default\">\n\t\t\t\t<div class=\"elementor-widget-container\">\n\t\t\t\t\t\t\t\t\t<p>Trasformazione di energia elettrica per forni e strutture industriali<\/p>\t\t\t\t\t\t\t\t<\/div>\n\t\t\t\t<\/div>\n\t\t\t\t<\/div>\n\t\t\t\t<\/div>\n\t\t\t\t\t<\/div>\n\t\t\t\t<\/div>\n\t\t<div class=\"elementor-element elementor-element-55a4c35 e-flex e-con-boxed e-con e-parent\" data-id=\"55a4c35\" data-element_type=\"container\" data-e-type=\"container\" data-settings=\"{&quot;background_background&quot;:&quot;classic&quot;}\">\n\t\t\t\t\t<div class=\"e-con-inner\">\n\t\t<div class=\"elementor-element elementor-element-16cf6cd e-con-full e-flex e-con e-child\" data-id=\"16cf6cd\" data-element_type=\"container\" data-e-type=\"container\">\n\t\t\t\t<div class=\"elementor-element elementor-element-6c66a42 elementor-widget elementor-widget-gallery\" data-id=\"6c66a42\" data-element_type=\"widget\" data-e-type=\"widget\" data-settings=\"{&quot;columns&quot;:2,&quot;aspect_ratio&quot;:&quot;1:1&quot;,&quot;lazyload&quot;:&quot;yes&quot;,&quot;gallery_layout&quot;:&quot;grid&quot;,&quot;columns_tablet&quot;:2,&quot;columns_mobile&quot;:1,&quot;gap&quot;:{&quot;unit&quot;:&quot;px&quot;,&quot;size&quot;:10,&quot;sizes&quot;:[]},&quot;gap_tablet&quot;:{&quot;unit&quot;:&quot;px&quot;,&quot;size&quot;:10,&quot;sizes&quot;:[]},&quot;gap_mobile&quot;:{&quot;unit&quot;:&quot;px&quot;,&quot;size&quot;:10,&quot;sizes&quot;:[]},&quot;link_to&quot;:&quot;file&quot;,&quot;overlay_background&quot;:&quot;yes&quot;,&quot;content_hover_animation&quot;:&quot;fade-in&quot;}\" data-widget_type=\"gallery.default\">\n\t\t\t\t<div class=\"elementor-widget-container\">\n\t\t\t\t\t\t\t<div class=\"elementor-gallery__container\">\n\t\t\t\t\t\t\t<a class=\"e-gallery-item elementor-gallery-item elementor-animated-content\" href=\"https:\/\/www.systemcore.it\/wp-content\/uploads\/2026\/05\/20250912_142752.jpg\" data-elementor-open-lightbox=\"yes\" data-elementor-lightbox-slideshow=\"6c66a42\" data-e-action-hash=\"#elementor-action%3Aaction%3Dlightbox%26settings%3DeyJpZCI6MjA1MzcsInVybCI6Imh0dHBzOlwvXC93d3cuc3lzdGVtY29yZS5pdFwvd3AtY29udGVudFwvdXBsb2Fkc1wvMjAyNlwvMDVcLzIwMjUwOTEyXzE0Mjc1Mi5qcGciLCJzbGlkZXNob3ciOiI2YzY2YTQyIn0%3D\">\n\t\t\t\t\t<div class=\"e-gallery-image elementor-gallery-item__image\" data-thumbnail=\"https:\/\/www.systemcore.it\/wp-content\/uploads\/2026\/05\/20250912_142752-225x300.jpg\" data-width=\"225\" data-height=\"300\" aria-label=\"\" role=\"img\" ><\/div>\n\t\t\t\t\t\t\t\t\t\t\t<div class=\"elementor-gallery-item__overlay\"><\/div>\n\t\t\t\t\t\t\t\t\t\t\t\t\t\t<\/a>\n\t\t\t\t\t\t\t<a class=\"e-gallery-item elementor-gallery-item elementor-animated-content\" href=\"https:\/\/www.systemcore.it\/wp-content\/uploads\/2026\/05\/20251023_133523.jpg\" data-elementor-open-lightbox=\"yes\" data-elementor-lightbox-slideshow=\"6c66a42\" data-e-action-hash=\"#elementor-action%3Aaction%3Dlightbox%26settings%3DeyJpZCI6MjA1MzgsInVybCI6Imh0dHBzOlwvXC93d3cuc3lzdGVtY29yZS5pdFwvd3AtY29udGVudFwvdXBsb2Fkc1wvMjAyNlwvMDVcLzIwMjUxMDIzXzEzMzUyMy5qcGciLCJzbGlkZXNob3ciOiI2YzY2YTQyIn0%3D\">\n\t\t\t\t\t<div class=\"e-gallery-image elementor-gallery-item__image\" data-thumbnail=\"https:\/\/www.systemcore.it\/wp-content\/uploads\/2026\/05\/20251023_133523-300x225.jpg\" data-width=\"300\" data-height=\"225\" aria-label=\"\" role=\"img\" ><\/div>\n\t\t\t\t\t\t\t\t\t\t\t<div class=\"elementor-gallery-item__overlay\"><\/div>\n\t\t\t\t\t\t\t\t\t\t\t\t\t\t<\/a>\n\t\t\t\t\t\t\t<a class=\"e-gallery-item elementor-gallery-item elementor-animated-content\" href=\"https:\/\/www.systemcore.it\/wp-content\/uploads\/2026\/05\/20251023_133558.jpg\" data-elementor-open-lightbox=\"yes\" data-elementor-lightbox-slideshow=\"6c66a42\" data-e-action-hash=\"#elementor-action%3Aaction%3Dlightbox%26settings%3DeyJpZCI6MjA1MzksInVybCI6Imh0dHBzOlwvXC93d3cuc3lzdGVtY29yZS5pdFwvd3AtY29udGVudFwvdXBsb2Fkc1wvMjAyNlwvMDVcLzIwMjUxMDIzXzEzMzU1OC5qcGciLCJzbGlkZXNob3ciOiI2YzY2YTQyIn0%3D\">\n\t\t\t\t\t<div class=\"e-gallery-image elementor-gallery-item__image\" data-thumbnail=\"https:\/\/www.systemcore.it\/wp-content\/uploads\/2026\/05\/20251023_133558-225x300.jpg\" data-width=\"225\" data-height=\"300\" aria-label=\"\" role=\"img\" ><\/div>\n\t\t\t\t\t\t\t\t\t\t\t<div class=\"elementor-gallery-item__overlay\"><\/div>\n\t\t\t\t\t\t\t\t\t\t\t\t\t\t<\/a>\n\t\t\t\t\t\t\t<a class=\"e-gallery-item elementor-gallery-item elementor-animated-content\" href=\"https:\/\/www.systemcore.it\/wp-content\/uploads\/2026\/02\/foto.png\" data-elementor-open-lightbox=\"yes\" data-elementor-lightbox-slideshow=\"6c66a42\" data-e-action-hash=\"#elementor-action%3Aaction%3Dlightbox%26settings%3DeyJpZCI6MTk4OTAsInVybCI6Imh0dHBzOlwvXC93d3cuc3lzdGVtY29yZS5pdFwvd3AtY29udGVudFwvdXBsb2Fkc1wvMjAyNlwvMDJcL2ZvdG8ucG5nIiwic2xpZGVzaG93IjoiNmM2NmE0MiJ9\">\n\t\t\t\t\t<div class=\"e-gallery-image elementor-gallery-item__image\" data-thumbnail=\"https:\/\/www.systemcore.it\/wp-content\/uploads\/2026\/02\/foto-300x300.png\" data-width=\"300\" data-height=\"300\" aria-label=\"\" role=\"img\" ><\/div>\n\t\t\t\t\t\t\t\t\t\t\t<div class=\"elementor-gallery-item__overlay\"><\/div>\n\t\t\t\t\t\t\t\t\t\t\t\t\t\t<\/a>\n\t\t\t\t\t<\/div>\n\t\t\t\t\t<\/div>\n\t\t\t\t<\/div>\n\t\t\t\t<div class=\"elementor-element elementor-element-d7e8e58 elementor-invisible elementor-widget elementor-widget-button\" data-id=\"d7e8e58\" data-element_type=\"widget\" data-e-type=\"widget\" data-settings=\"{&quot;_animation&quot;:&quot;fadeIn&quot;}\" data-widget_type=\"button.default\">\n\t\t\t\t<div class=\"elementor-widget-container\">\n\t\t\t\t\t\t\t\t\t<div class=\"elementor-button-wrapper\">\n\t\t\t\t\t<a class=\"elementor-button elementor-button-link elementor-size-sm\" href=\"https:\/\/www.systemcore.it\/galleria-fotografica\">\n\t\t\t\t\t\t<span class=\"elementor-button-content-wrapper\">\n\t\t\t\t\t\t<span class=\"elementor-button-icon\">\n\t\t\t\t<i aria-hidden=\"true\" class=\"fas fa-long-arrow-alt-right\"><\/i>\t\t\t<\/span>\n\t\t\t\t\t\t\t\t\t<span class=\"elementor-button-text\">Vai alla gallery<\/span>\n\t\t\t\t\t<\/span>\n\t\t\t\t\t<\/a>\n\t\t\t\t<\/div>\n\t\t\t\t\t\t\t\t<\/div>\n\t\t\t\t<\/div>\n\t\t\t\t<\/div>\n\t\t<div class=\"elementor-element elementor-element-c431fa3 e-con-full e-flex e-con e-child\" data-id=\"c431fa3\" data-element_type=\"container\" data-e-type=\"container\">\n\t\t\t\t<div class=\"elementor-element elementor-element-c5e45e2 elementor-widget elementor-widget-heading\" data-id=\"c5e45e2\" data-element_type=\"widget\" data-e-type=\"widget\" data-widget_type=\"heading.default\">\n\t\t\t\t<div class=\"elementor-widget-container\">\n\t\t\t\t\t<h2 class=\"elementor-heading-title elementor-size-default\">Energia che evolve<\/h2>\t\t\t\t<\/div>\n\t\t\t\t<\/div>\n\t\t\t\t<div class=\"elementor-element elementor-element-704db0d elementor-widget elementor-widget-text-editor\" data-id=\"704db0d\" data-element_type=\"widget\" data-e-type=\"widget\" data-widget_type=\"text-editor.default\">\n\t\t\t\t<div class=\"elementor-widget-container\">\n\t\t\t\t\t\t\t\t\t<p>L\u2019energia elettrica \u00e8 il cuore silenzioso della trasformazione che stiamo vivendo. Alimenta citt\u00e0, connette sistemi, rende possibile un futuro pi\u00f9 sostenibile.<\/p><p>Nella transizione energetica, ogni flusso conta: efficienza, continuit\u00e0 e visione guidano il cambiamento.<\/p><p>\u00c8 qui che nasce il valore, dove tecnologia e responsabilit\u00e0 si incontrano per costruire un\u2019energia pi\u00f9 consapevole.<\/p>\t\t\t\t\t\t\t\t<\/div>\n\t\t\t\t<\/div>\n\t\t\t\t<\/div>\n\t\t\t\t\t<\/div>\n\t\t\t\t<\/div>\n\t\t\t\t<\/div>\n\t\t","protected":false},"excerpt":{"rendered":"<p>Energy attracts energy I prodotti Systemcore vengono utlizzati nella produzione di trasfomatori di energia elettrica, soprattutto in questi settori: Produzione di elettricit\u00e0, anche da fonti rinnovabili Distribuzione di energia elettrica su vari tipologie di linee Per la trazione nel settore ferroviario Trasformazione di energia elettrica per forni e strutture industriali Vai alla gallery Energia che [&hellip;]<\/p>\n","protected":false},"author":4,"featured_media":0,"parent":0,"menu_order":0,"comment_status":"closed","ping_status":"closed","template":"","meta":{"footnotes":""},"class_list":["post-20105","page","type-page","status-publish","hentry"],"yoast_head":"<!-- This site is optimized with the Yoast SEO plugin v27.6 - https:\/\/yoast.com\/product\/yoast-seo-wordpress\/ -->\n<title>Settori e applicazioni - Systemcore srl<\/title>\n<meta name=\"robots\" content=\"index, follow, max-snippet:-1, max-image-preview:large, max-video-preview:-1\" \/>\n<link rel=\"canonical\" href=\"http:\/\/www.systemcore.it\/en\/settori-e-applicazioni\/\" \/>\n<meta property=\"og:locale\" content=\"en_US\" \/>\n<meta property=\"og:type\" content=\"article\" \/>\n<meta property=\"og:title\" content=\"Settori e applicazioni - Systemcore srl\" \/>\n<meta property=\"og:description\" content=\"Energy attracts energy I prodotti Systemcore vengono utlizzati nella produzione di trasfomatori di energia elettrica, soprattutto in questi settori: Produzione di elettricit\u00e0, anche da fonti rinnovabili Distribuzione di energia elettrica su vari tipologie di linee Per la trazione nel settore ferroviario Trasformazione di energia elettrica per forni e strutture industriali Vai alla gallery Energia che [&hellip;]\" \/>\n<meta property=\"og:url\" content=\"http:\/\/www.systemcore.it\/en\/settori-e-applicazioni\/\" \/>\n<meta property=\"og:site_name\" content=\"Systemcore srl\" \/>\n<meta property=\"article:modified_time\" content=\"2026-05-08T09:25:19+00:00\" \/>\n<meta property=\"og:image\" content=\"https:\/\/www.systemcore.it\/wp-content\/uploads\/2018\/09\/produzione-energia-eco.jpg\" \/>\n\t<meta property=\"og:image:width\" content=\"900\" \/>\n\t<meta property=\"og:image:height\" content=\"667\" \/>\n\t<meta property=\"og:image:type\" content=\"image\/jpeg\" \/>\n<meta name=\"twitter:card\" content=\"summary_large_image\" \/>\n<meta name=\"twitter:label1\" content=\"Est. reading time\" \/>\n\t<meta name=\"twitter:data1\" content=\"2 minutes\" \/>\n<script type=\"application\/ld+json\" class=\"yoast-schema-graph\">{\"@context\":\"https:\\\/\\\/schema.org\",\"@graph\":[{\"@type\":\"WebPage\",\"@id\":\"http:\\\/\\\/www.systemcore.it\\\/it\\\/settori-e-applicazioni\",\"url\":\"http:\\\/\\\/www.systemcore.it\\\/it\\\/settori-e-applicazioni\",\"name\":\"Settori e applicazioni - Systemcore srl\",\"isPartOf\":{\"@id\":\"https:\\\/\\\/www.systemcore.it\\\/it\\\/#website\"},\"primaryImageOfPage\":{\"@id\":\"http:\\\/\\\/www.systemcore.it\\\/it\\\/settori-e-applicazioni#primaryimage\"},\"image\":{\"@id\":\"http:\\\/\\\/www.systemcore.it\\\/it\\\/settori-e-applicazioni#primaryimage\"},\"thumbnailUrl\":\"https:\\\/\\\/www.systemcore.it\\\/wp-content\\\/uploads\\\/2018\\\/09\\\/produzione-energia-eco.jpg\",\"datePublished\":\"2026-04-17T09:45:05+00:00\",\"dateModified\":\"2026-05-08T09:25:19+00:00\",\"breadcrumb\":{\"@id\":\"http:\\\/\\\/www.systemcore.it\\\/it\\\/settori-e-applicazioni#breadcrumb\"},\"inLanguage\":\"en-US\",\"potentialAction\":[{\"@type\":\"ReadAction\",\"target\":[\"http:\\\/\\\/www.systemcore.it\\\/it\\\/settori-e-applicazioni\"]}]},{\"@type\":\"ImageObject\",\"inLanguage\":\"en-US\",\"@id\":\"http:\\\/\\\/www.systemcore.it\\\/it\\\/settori-e-applicazioni#primaryimage\",\"url\":\"https:\\\/\\\/www.systemcore.it\\\/wp-content\\\/uploads\\\/2018\\\/09\\\/produzione-energia-eco.jpg\",\"contentUrl\":\"https:\\\/\\\/www.systemcore.it\\\/wp-content\\\/uploads\\\/2018\\\/09\\\/produzione-energia-eco.jpg\"},{\"@type\":\"BreadcrumbList\",\"@id\":\"http:\\\/\\\/www.systemcore.it\\\/it\\\/settori-e-applicazioni#breadcrumb\",\"itemListElement\":[{\"@type\":\"ListItem\",\"position\":1,\"name\":\"Home\",\"item\":\"https:\\\/\\\/www.systemcore.it\\\/\"},{\"@type\":\"ListItem\",\"position\":2,\"name\":\"Settori e applicazioni\"}]},{\"@type\":\"WebSite\",\"@id\":\"https:\\\/\\\/www.systemcore.it\\\/it\\\/#website\",\"url\":\"https:\\\/\\\/www.systemcore.it\\\/it\\\/\",\"name\":\"Systemcore srl\",\"description\":\"nuclei magnetici per trasformatori elettrici\",\"potentialAction\":[{\"@type\":\"SearchAction\",\"target\":{\"@type\":\"EntryPoint\",\"urlTemplate\":\"https:\\\/\\\/www.systemcore.it\\\/it\\\/?s={search_term_string}\"},\"query-input\":{\"@type\":\"PropertyValueSpecification\",\"valueRequired\":true,\"valueName\":\"search_term_string\"}}],\"inLanguage\":\"en-US\"}]}<\/script>\n<!-- \/ Yoast SEO plugin. -->","yoast_head_json":{"title":"Settori e applicazioni - Systemcore srl","robots":{"index":"index","follow":"follow","max-snippet":"max-snippet:-1","max-image-preview":"max-image-preview:large","max-video-preview":"max-video-preview:-1"},"canonical":"http:\/\/www.systemcore.it\/en\/settori-e-applicazioni\/","og_locale":"en_US","og_type":"article","og_title":"Settori e applicazioni - Systemcore srl","og_description":"Energy attracts energy I prodotti Systemcore vengono utlizzati nella produzione di trasfomatori di energia elettrica, soprattutto in questi settori: Produzione di elettricit\u00e0, anche da fonti rinnovabili Distribuzione di energia elettrica su vari tipologie di linee Per la trazione nel settore ferroviario Trasformazione di energia elettrica per forni e strutture industriali Vai alla gallery Energia che [&hellip;]","og_url":"http:\/\/www.systemcore.it\/en\/settori-e-applicazioni\/","og_site_name":"Systemcore srl","article_modified_time":"2026-05-08T09:25:19+00:00","og_image":[{"width":900,"height":667,"url":"https:\/\/www.systemcore.it\/wp-content\/uploads\/2018\/09\/produzione-energia-eco.jpg","type":"image\/jpeg"}],"twitter_card":"summary_large_image","twitter_misc":{"Est. reading time":"2 minutes"},"schema":{"@context":"https:\/\/schema.org","@graph":[{"@type":"WebPage","@id":"http:\/\/www.systemcore.it\/it\/settori-e-applicazioni","url":"http:\/\/www.systemcore.it\/it\/settori-e-applicazioni","name":"Settori e applicazioni - Systemcore srl","isPartOf":{"@id":"https:\/\/www.systemcore.it\/it\/#website"},"primaryImageOfPage":{"@id":"http:\/\/www.systemcore.it\/it\/settori-e-applicazioni#primaryimage"},"image":{"@id":"http:\/\/www.systemcore.it\/it\/settori-e-applicazioni#primaryimage"},"thumbnailUrl":"https:\/\/www.systemcore.it\/wp-content\/uploads\/2018\/09\/produzione-energia-eco.jpg","datePublished":"2026-04-17T09:45:05+00:00","dateModified":"2026-05-08T09:25:19+00:00","breadcrumb":{"@id":"http:\/\/www.systemcore.it\/it\/settori-e-applicazioni#breadcrumb"},"inLanguage":"en-US","potentialAction":[{"@type":"ReadAction","target":["http:\/\/www.systemcore.it\/it\/settori-e-applicazioni"]}]},{"@type":"ImageObject","inLanguage":"en-US","@id":"http:\/\/www.systemcore.it\/it\/settori-e-applicazioni#primaryimage","url":"https:\/\/www.systemcore.it\/wp-content\/uploads\/2018\/09\/produzione-energia-eco.jpg","contentUrl":"https:\/\/www.systemcore.it\/wp-content\/uploads\/2018\/09\/produzione-energia-eco.jpg"},{"@type":"BreadcrumbList","@id":"http:\/\/www.systemcore.it\/it\/settori-e-applicazioni#breadcrumb","itemListElement":[{"@type":"ListItem","position":1,"name":"Home","item":"https:\/\/www.systemcore.it\/"},{"@type":"ListItem","position":2,"name":"Settori e applicazioni"}]},{"@type":"WebSite","@id":"https:\/\/www.systemcore.it\/it\/#website","url":"https:\/\/www.systemcore.it\/it\/","name":"Systemcore srl","description":"nuclei magnetici per trasformatori elettrici","potentialAction":[{"@type":"SearchAction","target":{"@type":"EntryPoint","urlTemplate":"https:\/\/www.systemcore.it\/it\/?s={search_term_string}"},"query-input":{"@type":"PropertyValueSpecification","valueRequired":true,"valueName":"search_term_string"}}],"inLanguage":"en-US"}]}},"_links":{"self":[{"href":"https:\/\/www.systemcore.it\/en\/wp-json\/wp\/v2\/pages\/20105","targetHints":{"allow":["GET"]}}],"collection":[{"href":"https:\/\/www.systemcore.it\/en\/wp-json\/wp\/v2\/pages"}],"about":[{"href":"https:\/\/www.systemcore.it\/en\/wp-json\/wp\/v2\/types\/page"}],"author":[{"embeddable":true,"href":"https:\/\/www.systemcore.it\/en\/wp-json\/wp\/v2\/users\/4"}],"replies":[{"embeddable":true,"href":"https:\/\/www.systemcore.it\/en\/wp-json\/wp\/v2\/comments?post=20105"}],"version-history":[{"count":0,"href":"https:\/\/www.systemcore.it\/en\/wp-json\/wp\/v2\/pages\/20105\/revisions"}],"wp:attachment":[{"href":"https:\/\/www.systemcore.it\/en\/wp-json\/wp\/v2\/media?parent=20105"}],"curies":[{"name":"wp","href":"https:\/\/api.w.org\/{rel}","templated":true}]}}